{"id":1633,"date":"2024-11-12T08:29:33","date_gmt":"2024-11-12T08:29:33","guid":{"rendered":"https:\/\/audioboost.holeinonedev.it\/?page_id=1633"},"modified":"2024-12-11T15:15:30","modified_gmt":"2024-12-11T15:15:30","slug":"privacypolicy","status":"publish","type":"page","link":"https:\/\/audioboost.com\/it\/privacypolicy\/","title":{"rendered":"Privacy Policy"},"content":{"rendered":"<div data-elementor-type=\"wp-page\" data-elementor-id=\"1633\" class=\"elementor elementor-1633\" data-elementor-post-type=\"page\">\n\t\t\t\t<div class=\"elementor-element elementor-element-16660f4 e-flex e-con-boxed e-con e-parent\" data-id=\"16660f4\" data-element_type=\"container\">\n\t\t\t\t\t<div class=\"e-con-inner\">\n\t\t\t\t<div class=\"elementor-element elementor-element-2ebadbb elementor-widget elementor-widget-heading\" data-id=\"2ebadbb\" data-element_type=\"widget\" data-widget_type=\"heading.default\">\n\t\t\t\t<div class=\"elementor-widget-container\">\n\t\t\t\t\t<h2 class=\"elementor-heading-title elementor-size-default\">Informativa Privacy Sezione Contatti<\/h2>\t\t\t\t<\/div>\n\t\t\t\t<\/div>\n\t\t\t\t<div class=\"elementor-element elementor-element-acbdbff elementor-widget elementor-widget-text-editor\" data-id=\"acbdbff\" data-element_type=\"widget\" data-widget_type=\"text-editor.default\">\n\t\t\t\t<div class=\"elementor-widget-container\">\n\t\t\t\t\t\t\t\t\t<ul><li><b>INTRODUZIONE - CHI SIAMO<\/b><span style=\"font-weight: 400;\">?\u00a0<\/span><\/li><\/ul><p><b>Audioboost S.r.l. <\/b><span style=\"font-weight: 400;\">Audioboost S.r.l. con sede legale in Maglie (LE), Via Scorrano, 57, 73024 P.IVA 05170040751 (di seguito, \u201c<\/span><b>Titolare<\/b><span style=\"font-weight: 400;\">\u201d), proprietario del sito internet <\/span><strong><span style=\"text-decoration: underline;\"><a href=\"http:\/\/www.speakup.ai\" target=\"_blank\" rel=\"noopener\">www.speakup.ai<\/a><\/span><\/strong><span style=\"font-weight: 400;\"> (di seguito, il \u201c<\/span><b>Piattaforma<\/b><span style=\"font-weight: 400;\">Sito\u201d), in qualit\u00e0 di <\/span><b>titolare del trattamento dei dati personali <\/b><span style=\"font-weight: 400;\">degli utenti del Sito (di seguito, gli \u201c<\/span><b>Utenti<\/b><span style=\"font-weight: 400;\">\u201d) fornisce qui di seguito l\u2019informativa privacy ai sensi dell\u2019art. 13 del Regolamento UE 2016\/679 del 27 aprile 2016 (di seguito, \u201c<\/span><b>Regolamento<\/b><span style=\"font-weight: 400;\">\u201d, o la \u201c<\/span><b>Normativa Applicabile<\/b><span style=\"font-weight: 400;\">.\u00a0\u00a0\u00a0<\/span><\/p><ul><li><b>\u00a0COME CONTATTARCI?<\/b><\/li><\/ul><p><span style=\"font-weight: 400;\">Il Titolare tiene nella massima considerazione il diritto alla privacy e alla protezione dei dati personali dei propri Utenti. Gli Utenti possono <\/span><b>contattare il Titolare <\/b><span style=\"font-weight: 400;\">in qualsiasi momento, utilizzando le seguenti modalit\u00e0:<\/span><\/p><ul><li style=\"font-weight: 400;\" aria-level=\"1\"><span style=\"font-weight: 400;\">Inviando una raccomandata a\/r alla sede legale della Societ\u00e0 in Via Scorrano, 57 Maglie (LE);\u00a0\u00a0<\/span><\/li><li style=\"font-weight: 400;\" aria-level=\"1\"><span style=\"font-weight: 400;\">Inviando un messaggio di posta elettronica all\u2019indirizzo <\/span><strong><span style=\"text-decoration: underline;\"><a href=\"mailto:info@audioboost.it\">info@audioboost.it<\/a><\/span><\/strong><span style=\"font-weight: 400;\"> o all\u2019indirizzo di posta elettronica certificata <\/span><strong><span style=\"text-decoration: underline;\"><a href=\"mailto:audioboostsrl@pec.it\">audioboostsrl@pec.it<\/a><\/span><\/strong><\/li><\/ul><p><span style=\"font-weight: 400;\">Il Titolare non ha individuato la figura del Responsabile della protezione dei dati (RPD o DPO), in quanto non \u00e8 soggetto all\u2019obbligo di designazione previsto dall\u2019art. 37 del Regolamento.<\/span><\/p><ul><li><b>WHAT WE DO &#8211; PURPOSE OF PROCESSING\u00a0\u00a0<\/b><\/li><\/ul><p><span style=\"font-weight: 400;\">I dati personali degli<\/span>utenti<span style=\"font-weight: 400;\">saranno trattati<\/span><span style=\"font-weight: 400;\">lecitamente dal Titolare ai sensi dell\u2019art. 6 del Regolamento\u00a0 <\/span><span style=\"font-weight: 400;\">per le seguenti finalit\u00e0 di trattamento:<\/span><\/p><ul><li style=\"font-weight: 400;\" aria-level=\"1\"><b>evadere la richiesta dell\u2019Utente:<\/b><span style=\"font-weight: 400;\">i dati personali degli Utenti sono raccolti e trattati dal <\/span><b>Titolare <\/b><span style=\"font-weight: 400;\">al<\/span> <span style=\"font-weight: 400;\">solo fine di evadere la loro richiesta. I dati dell\u2019Utente raccolti dal Titolare a tale fine includono nome, indirizzo e-mail e tutti gli ulteriori dati dell\u2019Utente eventualmente e volontariamente comunicati attraverso i campi aperti del form o tramite e-mail. Nessun altro trattamento verr\u00e0 effettuato dal Titolare in relazione ai dati personali degli Utenti. Fermo restando quanto previsto altrove in questa informativa privacy, in nessun caso il Titolare render\u00e0 accessibili agli altri Utenti e\/o a terzi i dati personali degli Utenti.<\/span><\/li><\/ul><ul><li style=\"font-weight: 400;\" aria-level=\"1\"><b>finalit\u00e0 amministrativo-contabili:<\/b><span style=\"font-weight: 400;\">ovvero per svolgere attivit\u00e0 di natura organizzativa, amministrativa, finanziaria e contabile, quali attivit\u00e0 organizzative interne ed attivit\u00e0 funzionali all\u2019adempimento di obblighi contrattuali e precontrattuali;<\/span>\u00a0<\/li><\/ul><ul><li style=\"font-weight: 400;\" aria-level=\"1\"><b>obblighi di legge:<\/b><span style=\"font-weight: 400;\">ovvero per adempiere ad obblighi previsti dalla legge, da un\u2019autorit\u00e0, da un regolamento o dalla normativa europea.<\/span><\/li><\/ul><p><span style=\"font-weight: 400;\">Il conferimento dei dati personali per le finalit\u00e0 di trattamento sopra indicate \u00e8 facoltativo ma necessario, poich\u00e9 il mancato conferimento degli stessi comporter\u00e0 l\u2019impossibilit\u00e0 per l\u2019Utente di effettuare la propria richiesta al Titolare.<\/span><\/p><p><span style=\"font-weight: 400;\">I dati personali che sono necessari per il perseguimento delle finalit\u00e0 di trattamento descritte al presente paragrafo 1 sono indicati con un asterisco all\u2019interno del modulo di richiesta.<\/span><\/p>\t\t\t\t\t\t\t\t<\/div>\n\t\t\t\t<\/div>\n\t\t\t\t<div class=\"elementor-element elementor-element-79dea06 elementor-widget elementor-widget-text-editor\" data-id=\"79dea06\" data-element_type=\"widget\" data-widget_type=\"text-editor.default\">\n\t\t\t\t<div class=\"elementor-widget-container\">\n\t\t\t\t\t\t\t\t\t<ul><li><b>ULTERIORI FINALIT\u00c0 di TRATTAMENTO<\/b><\/li><\/ul><p><b><i>M<\/i><\/b><b><i>arketing<\/i><\/b> <b>(invio di materiale pubblicitario, vendita diretta e comunicazione commerciale)<\/b><\/p><p><span style=\"font-weight: 400;\">Alcuni dati personali dell\u2019Utente (ovvero il nome, il cognome, l&#8217;indirizzo <\/span><i><span style=\"font-weight: 400;\">e-mail<\/span><\/i><span style=\"font-weight: 400;\"> \u2026) potranno essere trattati dal Titolare anche per finalit\u00e0 di <\/span><i><span style=\"font-weight: 400;\">marketing<\/span><\/i><span style=\"font-weight: 400;\"> (invio di materiale pubblicitario, vendita diretta e comunicazione commerciale), ovvero affinch\u00e9 il Titolare possa contattare l\u2019Utente tramite posta, posta elettronica per proporre all\u2019Utente l\u2019acquisto di prodotti e\/o servizi offerti dallo stesso Titolare e\/o da imprese terze, presentare offerte, promozioni ed opportunit\u00e0 commerciali.<\/span><\/p><p><span style=\"font-weight: 400;\">In caso di mancato consenso, la possibilit\u00e0 di iscriversi al Sito non sar\u00e0 in alcun modo pregiudicata.<\/span><\/p><p><span style=\"font-weight: 400;\">In caso di consenso, l\u2019Utente potr\u00e0 in qualsiasi momento revocare lo stesso, facendone richiesta al Titolare con le modalit\u00e0 indicate al successivo paragrafo 8.<\/span><\/p><p><span style=\"font-weight: 400;\">L\u2019Utente potr\u00e0 inoltre opporsi facilmente ad ulteriori invii di comunicazioni promozionali via <\/span><i><span style=\"font-weight: 400;\">e-mail<\/span><\/i><span style=\"font-weight: 400;\"> anche cliccando sull\u2019apposito <\/span><i><span style=\"font-weight: 400;\">da tale link<\/span><\/i><span style=\"font-weight: 400;\"> per la revoca del consenso, che \u00e8 presente in ciascuna <\/span><i><span style=\"font-weight: 400;\">e-mail <\/span><\/i><span style=\"font-weight: 400;\">promozionale. Effettuata la revoca del consenso, il Titolare mostrer\u00e0 all\u2019Utente un messaggio di posta elettronica per confermare l\u2019avvenuta revoca del consenso. Qualora l&#8217;Utente intenda revocare il proprio consenso all&#8217;invio di comunicazioni promozionali via telefono, continuando tuttavia a ricevere comunicazioni promozionali via <\/span><i><span style=\"font-weight: 400;\">e-mail<\/span><\/i><span style=\"font-weight: 400;\">, o viceversa, si prega di inviare una richiesta al Titolare con le modalit\u00e0 indicate al successivo paragrafo 8.<\/span><\/p><p><span style=\"font-weight: 400;\">Il Titolare informa che, a seguito dell\u2019esercizio del diritto di opposizione all&#8217;invio di comunicazioni promozionali via <\/span><i><span style=\"font-weight: 400;\">e-mail<\/span><\/i><span style=\"font-weight: 400;\">, \u00e8 possibile che, per ragioni tecniche ed operative (es. formazione delle liste di contatto gi\u00e0 completata poco prima della ricezione da parte del Titolare della richiesta di opposizione) l\u2019Utente continui a ricevere alcuni ulteriori messaggi promozionali. Qualora l\u2019Utente dovesse continuare a ricevere messaggi promozionali dopo che siano trascorse 24 ore dall\u2019esercizio del diritto di opposizione, si prega di segnalare il problema al Titolare, utilizzando i contatti indicati al successivo paragrafo 8.<\/span><\/p>\t\t\t\t\t\t\t\t<\/div>\n\t\t\t\t<\/div>\n\t\t\t\t<div class=\"elementor-element elementor-element-cb42098 elementor-widget elementor-widget-text-editor\" data-id=\"cb42098\" data-element_type=\"widget\" data-widget_type=\"text-editor.default\">\n\t\t\t\t<div class=\"elementor-widget-container\">\n\t\t\t\t\t\t\t\t\t<ul><li><b>BASE GIURIDICA<\/b><\/li><\/ul><p><b>evadere la richiesta dell\u2019Utente: <\/b><span style=\"font-weight: 400;\">(cos\u00ec come descritti al par. 3, lett. a)): la base giuridica consiste nell\u2019art. 6, comma 1, lett. b) del Regolamento, ovvero il trattamento \u00e8 necessario all\u2019esecuzione di un contratto di cui l\u2019Utente \u00e8 parte o all\u2019esecuzione di misure precontrattuali adottate su richiesta dello stesso.<\/span><\/p><p><b>finalit\u00e0 amministrativo-contabili:<\/b> <span style=\"font-weight: 400;\">(cos\u00ec come descritto dal par. 3, lett. b)): la base giuridica consiste nell\u2019art. 6, comma 1, lett. b) del Regolamento, in quanto il trattamento \u00e8 necessario all\u2019esecuzione di un contratto e\/o all\u2019esecuzione di misure precontrattuali adottate su richiesta dell\u2019Utente.<\/span><\/p><p><b>Legal obligations<\/b> <span style=\"font-weight: 400;\">(cos\u00ec come descritto dal precedente par. 3, lett. c)): la base giuridica consiste nell\u2019art. 6, comma 1, lett. c) del Regolamento, in quanto il trattamento \u00e8 necessario per adempiere un obbligo legale al quale \u00e8 soggetto il Titolare del trattamento.<\/span><\/p>\t\t\t\t\t\t\t\t<\/div>\n\t\t\t\t<\/div>\n\t\t\t\t<div class=\"elementor-element elementor-element-6f4968f elementor-widget elementor-widget-text-editor\" data-id=\"6f4968f\" data-element_type=\"widget\" data-widget_type=\"text-editor.default\">\n\t\t\t\t<div class=\"elementor-widget-container\">\n\t\t\t\t\t\t\t\t\t<p><b>Ulteriori finalit\u00e0 di trattamento<\/b><span style=\"font-weight: 400;\">: per il trattamento relativo alle attivit\u00e0 di <\/span><i><span style=\"font-weight: 400;\">marketing<\/span><\/i><span style=\"font-weight: 400;\"> (cos\u00ec come descritto dal precedente par. 4)), la base giuridica consiste nell\u2019art. 6, comma 1, lett. a) del Regolamento, ovvero la prestazione da parte dell\u2019interessato del consenso al trattamento dei propri dati personali per una o pi\u00f9 specifiche finalit\u00e0. Per questo motivo il Titolare chiede all\u2019Utente la prestazione di uno specifico consenso libero e facoltativo, per perseguire tale finalit\u00e0 di trattamento.<\/span><\/p>\t\t\t\t\t\t\t\t<\/div>\n\t\t\t\t<\/div>\n\t\t\t\t<div class=\"elementor-element elementor-element-0a6ff54 elementor-widget elementor-widget-text-editor\" data-id=\"0a6ff54\" data-element_type=\"widget\" data-widget_type=\"text-editor.default\">\n\t\t\t\t<div class=\"elementor-widget-container\">\n\t\t\t\t\t\t\t\t\t<ul><li><b>\u00a0MODALIT\u00c0 DI TRATTAMENTO E TEMPI DI CONSERVAZIONE DEI DATI\u00a0\u00a0<\/b><\/li><\/ul><p><span style=\"font-weight: 400;\">Il Titolare tratter\u00e0 i dati personali degli Utenti mediante strumenti manuali ed informatici, con logiche strettamente correlate alle finalit\u00e0 stesse e, comunque, in modo da garantire la sicurezza e la riservatezza dei dati stessi.\nI dati personali degli Utenti del Sito saranno conservati per i tempi strettamente necessari ad espletare le finalit\u00e0 primarie illustrate al precedente paragrafo 3, o comunque secondo quanto necessario per la tutela in sede civilistica degli interessi sia degli Utenti che del Titolare.<\/span><\/p><p><span style=\"font-weight: 400;\">Nel caso di cui al precedente paragrafo 4 i dati personali degli Utenti saranno conservati per i tempi strettamente necessari ad espletare le finalit\u00e0 illustrate nello stesso e, in ogni caso, fintanto che l\u2019Utente non revochi il proprio consenso. \n\nAd ogni modo, sono fatti salvi gli eventuali termini di conservazione previsti da norme di legge o regolamenti.<\/span><\/p><ul><li><b>\u00a0AMBITO DI COMUNICAZIONE E DIFFUSIONE DEI DATI<\/b><\/li><\/ul><p><span style=\"font-weight: 400;\">I dati personali dell\u2019Utente potranno essere trasferiti al di fuori dell\u2019Unione Europea e, in tal caso, il Titolare si assicurer\u00e0 che il trasferimento avvenga in conformit\u00e0 alla Normativa Applicabile e, in particolare, in conformit\u00e0 agli artt. 45 (Trasferimento sulla base di una decisione di adeguatezza) e 46 (Trasferimento soggetto a garanzie adeguate) del Regolamento.\u00a0<\/span><\/p><p><span style=\"font-weight: 400;\">Potranno venire a conoscenza dei dati personali degli Utenti i dipendenti e\/o collaboratori del Titolare incaricati di gestire il Sito e le richieste degli Utenti. Tali soggetti, che sono stati istruiti in tal senso dal Titolare ai sensi dell\u2019art. 29 del Regolamento, tratteranno i dati dell\u2019Utente esclusivamente per le finalit\u00e0 indicate nella presente informativa e nel rispetto delle previsioni della Normativa Applicabile.<\/span><\/p><p><span style=\"font-weight: 400;\">Potranno inoltre venire a conoscenza<\/span><b>dei dati personali degli Utenti<\/b><span style=\"font-weight: 400;\">i soggetti terzi che potranno trattare dati personali per conto del Titolare in qualit\u00e0 di Responsabili del Trattamento, quali, a titolo esemplificativo, <\/span><i><span style=\"font-weight: 400;\">fornitori di servizi informatici e logistici funzionali <\/span><\/i><span style=\"font-weight: 400;\">o <\/span><i><span style=\"font-weight: 400;\">fornitori di servizi in outsourcing o cloud computing, <\/span><\/i><span style=\"font-weight: 400;\">professionisti e consulenti.<\/span><\/p><p><span style=\"font-weight: 400;\">Gli Utenti hanno il diritto di ottenere una lista degli eventuali responsabili del trattamento nominati dal Titolare, facendone richiesta al Titolare con le modalit\u00e0 indicate al successivo paragrafo 8.<\/span><\/p><ul><li><b>\u00a0DIRITTI DEGLI <\/b><b>INTERESSATI<\/b><\/li><\/ul><p><span style=\"font-weight: 400;\">Gli Utenti potranno esercitare i diritti garantiti loro dalla Normativa Applicabile, contattando il Titolare con le seguenti modalit\u00e0:<\/span><\/p><ul><li style=\"font-weight: 400;\" aria-level=\"1\"><span style=\"font-weight: 400;\">Inviando una raccomandata a\/r alla sede legale della Societ\u00e0 in Via Scorrano, 57 Maglie (LE);\u00a0\u00a0<\/span><\/li><li style=\"font-weight: 400;\" aria-level=\"1\"><span style=\"font-weight: 400;\">Inviando una raccomandata <\/span><strong><span style=\"text-decoration: underline;\"><a href=\"mailto:info@audioboost.it\">info@audioboost.it<\/a><\/span><\/strong><span style=\"font-weight: 400;\"> o all\u2019indirizzo di posta elettronica certificata <\/span><strong><span style=\"text-decoration: underline;\"><a href=\"mailto:audioboostsrl@pec.it\">audioboostsrl@pec.it<\/a>.<\/span><\/strong><\/li><\/ul><p><span style=\"font-weight: 400;\">Il Titolare non ha individuato la figura del Responsabile della protezione dei dati (RPD o DPO), in quanto non \u00e8 soggetto all\u2019obbligo di designazione previsto dall\u2019art. 37 del Regolamento.<\/span><\/p><p><span style=\"font-weight: 400;\">Ai sensi della Normativa Applicabile, il Titolare informa che gli Utenti hanno il diritto di ottenere l\u2019indicazione (i) dell\u2019origine dei dati personali; (ii) delle finalit\u00e0 e modalit\u00e0 del trattamento; (iii) della logica applicata in caso di trattamento effettuato con l\u2019ausilio di strumenti elettronici; (iv) degli estremi identificativi del titolare e dei responsabili; (v) dei soggetti o delle categorie di soggetti ai quali i dati personali possono essere comunicati o che possono venirne a conoscenza in qualit\u00e0 di responsabili o incaricati.<\/span><\/p><p><span style=\"font-weight: 400;\">Inoltre, gli Utenti hanno il diritto di ottenere:<\/span><\/p><p><span style=\"font-weight: 400;\">(a) <\/span><b>accesso<\/b><span style=\"font-weight: 400;\">, <\/span><b>aggiornamento<\/b><span style=\"font-weight: 400;\">, <\/span><b>rettificazione <\/b><span style=\"font-weight: 400;\">ovvero, quando vi hanno interesse, <\/span><b>l\u2019integrazione <\/b><span style=\"font-weight: 400;\">dei dati;<\/span><\/p><p><span style=\"font-weight: 400;\">(b) <\/span><b>cancellazione<\/b><span style=\"font-weight: 400;\">, <\/span><b>trasformazione in forma anonima <\/b><span style=\"font-weight: 400;\">o <\/span><b>limitazione <\/b><span style=\"font-weight: 400;\">dei dati trattati in violazione di legge, compresi quelli di cui non \u00e8 necessaria la conservazione in relazione agli scopi per i quali i dati sono stati raccolti o successivamente trattati;<\/span><\/p><ol><li><span style=\"font-weight: 400;\">c) l\u2019attestazione che le operazioni di cui alle lettere a) e b) sono state portate a conoscenza, anche per quanto riguarda il loro contenuto, di coloro ai quali i dati sono stati comunicati o diffusi, eccettuato il caso in cui tale adempimento si rivela impossibile o comporta un impiego di mezzi manifestamente sproporzionato rispetto al diritto tutelato.<\/span><\/li><\/ol><p><span style=\"font-weight: 400;\">Inoltre, gli Utenti hanno:<\/span><\/p><p><span style=\"font-weight: 400;\">a) il diritto di <\/span><b>revocare il consenso <\/b><span style=\"font-weight: 400;\">in qualsiasi momento, qualora il trattamento si basi sul loro consenso;<\/span><\/p><p><span style=\"font-weight: 400;\">b) il diritto (ove applicabile) alla <\/span><b>portabilit\u00e0 dei dati <\/b><span style=\"font-weight: 400;\">portabilit\u00e0 dei dati (diritto di ricevere tutti i dati personali che li riguardano in un formato strutturato, di uso comune e leggibile da dispositivo automatico);<\/span><\/p><p><span style=\"font-weight: 400;\">c) il <\/span><b>diritto di opporsi:<\/b><span style=\"font-weight: 400;\">:<\/span><\/p><p><span style=\"font-weight: 400;\">i) in tutto o in parte, per motivi legittimi al trattamento dei dati personali che li riguardano, ancorch\u00e9 pertinenti allo scopo della raccolta.<\/span><\/p><ol><li><span style=\"font-weight: 400;\">ii) in tutto o in parte, al trattamento di dati personali che li riguardano a fini di invio di materiale pubblicitario o di vendita diretta o per il compimento di ricerche di mercato o di comunicazione commerciale;<\/span><\/li><\/ol><p><span style=\"font-weight: 400;\">iii) qualora i dati personali siano trattati per <\/span><i><span style=\"font-weight: 400;\">marketing <\/span><\/i><span style=\"font-weight: 400;\">finalit\u00e0 di marketing diretto, in qualsiasi momento, al trattamento dei loro dati effettuato per tale finalit\u00e0, compresa la <\/span><i><span style=\"font-weight: 400;\">profilazione nella misura in cui sia connessa a tale marketing diretto.<\/span><\/i><\/p><ol><li><span style=\"font-weight: 400;\">d) qualora ritenessero che il trattamento che li riguarda violi il Regolamento, il diritto di <\/span><b>proporre reclamo a un\u2019Autorit\u00e0 di controllo <\/b><span style=\"font-weight: 400;\">(nello Stato membro in cui risiedono abitualmente, in quello in cui lavorano oppure in quello in cui si \u00e8 verificata la presunta violazione). L\u2019Autorit\u00e0 di controllo italiana \u00e8 il Garante per la <\/span><b>protezione dei dati personali<\/b><span style=\"font-weight: 400;\">, con sede in Piazza Venezia n. 11, 00187 \u2013 Roma <\/span><a href=\"RM) (http:\/\/www.garanteprivacy.it\/).\" target=\"_blank\" rel=\"noopener\"><span style=\"font-weight: 400;\">(http:\/\/www.garanteprivacy.it\/<\/span><\/a><span style=\"font-weight: 400;\">).<\/span><\/li><\/ol>\t\t\t\t\t\t\t\t<\/div>\n\t\t\t\t<\/div>\n\t\t\t\t<div class=\"elementor-element elementor-element-21d224c elementor-widget elementor-widget-text-editor\" data-id=\"21d224c\" data-element_type=\"widget\" data-widget_type=\"text-editor.default\">\n\t\t\t\t<div class=\"elementor-widget-container\">\n\t\t\t\t\t<style>.elementor-element-21d224c{display:none !important}<\/style>\t\t\t\t<\/div>\n\t\t\t\t<\/div>\n\t\t\t\t<div class=\"elementor-element elementor-element-e310401 elementor-widget elementor-widget-text-editor\" data-id=\"e310401\" data-element_type=\"widget\" data-widget_type=\"text-editor.default\">\n\t\t\t\t<div class=\"elementor-widget-container\">\n\t\t\t\t\t\t\t\t\t<p><span style=\"font-weight: 400;\">\u00a0<\/span><span style=\"font-weight: 400;\">_____________<\/span><\/p><p><span style=\"font-weight: 400;\">Il Titolare non \u00e8 responsabile per <\/span><i><span style=\"font-weight: 400;\">l\u2019aggiornamento di tutti i link <\/span><\/i><span style=\"font-weight: 400;\">visualizzabili nella presente Informativa, pertanto ogni qualvolta un <\/span><i><span style=\"font-weight: 400;\">da tale link <\/span><\/i><span style=\"font-weight: 400;\">non sia funzionante e\/o aggiornato, gli Utenti riconoscono ed accettano che dovranno sempre far riferimento al documento e\/o sezione dei siti internet richiamati <\/span><i><span style=\"font-weight: 400;\">da tale link<\/span><\/i><span style=\"font-weight: 400;\">.<\/span><\/p>\t\t\t\t\t\t\t\t<\/div>\n\t\t\t\t<\/div>\n\t\t\t\t\t<\/div>\n\t\t\t\t<\/div>\n\t\t\t\t<\/div>","protected":false},"excerpt":{"rendered":"<p>Privacy Policy Registration INTRODUCTION &#8211; WHO ARE WE?\u00a0 Audioboost S.r.l. with registered office in Maglie (LE), Via Scorrano, 57 73024 [&hellip;]<\/p>","protected":false},"author":2,"featured_media":0,"parent":0,"menu_order":0,"comment_status":"closed","ping_status":"closed","template":"","meta":{"_acf_changed":false,"site-sidebar-layout":"no-sidebar","site-content-layout":"","ast-site-content-layout":"full-width-container","site-content-style":"default","site-sidebar-style":"default","ast-global-header-display":"","ast-banner-title-visibility":"","ast-main-header-display":"","ast-hfb-above-header-display":"","ast-hfb-below-header-display":"","ast-hfb-mobile-header-display":"","site-post-title":"disabled","ast-breadcrumbs-content":"","ast-featured-img":"disabled","footer-sml-layout":"","theme-transparent-header-meta":"","adv-header-id-meta":"","stick-header-meta":"","header-above-stick-meta":"","header-main-stick-meta":"","header-below-stick-meta":"","astra-migrate-meta-layouts":"default","ast-page-background-enabled":"default","ast-page-background-meta":{"desktop":{"background-color":"var(--ast-global-color-4)","background-image":"","background-repeat":"repeat","background-position":"center center","background-size":"auto","background-attachment":"scroll","background-type":"","background-media":"","overlay-type":"","overlay-color":"","overlay-opacity":"","overlay-gradient":""},"tablet":{"background-color":"","background-image":"","background-repeat":"repeat","background-position":"center center","background-size":"auto","background-attachment":"scroll","background-type":"","background-media":"","overlay-type":"","overlay-color":"","overlay-opacity":"","overlay-gradient":""},"mobile":{"background-color":"","background-image":"","background-repeat":"repeat","background-position":"center center","background-size":"auto","background-attachment":"scroll","background-type":"","background-media":"","overlay-type":"","overlay-color":"","overlay-opacity":"","overlay-gradient":""}},"ast-content-background-meta":{"desktop":{"background-color":"var(--ast-global-color-5)","background-image":"","background-repeat":"repeat","background-position":"center center","background-size":"auto","background-attachment":"scroll","background-type":"","background-media":"","overlay-type":"","overlay-color":"","overlay-opacity":"","overlay-gradient":""},"tablet":{"background-color":"var(--ast-global-color-5)","background-image":"","background-repeat":"repeat","background-position":"center center","background-size":"auto","background-attachment":"scroll","background-type":"","background-media":"","overlay-type":"","overlay-color":"","overlay-opacity":"","overlay-gradient":""},"mobile":{"background-color":"var(--ast-global-color-5)","background-image":"","background-repeat":"repeat","background-position":"center center","background-size":"auto","background-attachment":"scroll","background-type":"","background-media":"","overlay-type":"","overlay-color":"","overlay-opacity":"","overlay-gradient":""}},"footnotes":""},"class_list":["post-1633","page","type-page","status-publish","hentry"],"acf":[],"_links":{"self":[{"href":"https:\/\/audioboost.com\/it\/wp-json\/wp\/v2\/pages\/1633","targetHints":{"allow":["GET"]}}],"collection":[{"href":"https:\/\/audioboost.com\/it\/wp-json\/wp\/v2\/pages"}],"about":[{"href":"https:\/\/audioboost.com\/it\/wp-json\/wp\/v2\/types\/page"}],"author":[{"embeddable":true,"href":"https:\/\/audioboost.com\/it\/wp-json\/wp\/v2\/users\/2"}],"replies":[{"embeddable":true,"href":"https:\/\/audioboost.com\/it\/wp-json\/wp\/v2\/comments?post=1633"}],"version-history":[{"count":76,"href":"https:\/\/audioboost.com\/it\/wp-json\/wp\/v2\/pages\/1633\/revisions"}],"predecessor-version":[{"id":3098,"href":"https:\/\/audioboost.com\/it\/wp-json\/wp\/v2\/pages\/1633\/revisions\/3098"}],"wp:attachment":[{"href":"https:\/\/audioboost.com\/it\/wp-json\/wp\/v2\/media?parent=1633"}],"curies":[{"name":"wp","href":"https:\/\/api.w.org\/{rel}","templated":true}]}}