{"id":2879,"date":"2024-12-03T08:31:48","date_gmt":"2024-12-03T08:31:48","guid":{"rendered":"https:\/\/audioboost.holeinonedev.it\/?page_id=2879"},"modified":"2025-01-03T22:01:45","modified_gmt":"2025-01-03T22:01:45","slug":"publishers-guarantees","status":"publish","type":"page","link":"https:\/\/audioboost.com\/it\/publishers-guarantees\/","title":{"rendered":"Publisher&#8217;s Guarantee Agreement"},"content":{"rendered":"<div data-elementor-type=\"wp-page\" data-elementor-id=\"2879\" class=\"elementor elementor-2879\" data-elementor-post-type=\"page\">\n\t\t\t\t<div class=\"elementor-element elementor-element-a6a562a e-flex e-con-boxed e-con e-parent\" data-id=\"a6a562a\" data-element_type=\"container\">\n\t\t\t\t\t<div class=\"e-con-inner\">\n\t\t\t\t<div class=\"elementor-element elementor-element-9f02aec elementor-widget elementor-widget-heading\" data-id=\"9f02aec\" data-element_type=\"widget\" data-widget_type=\"heading.default\">\n\t\t\t\t<div class=\"elementor-widget-container\">\n\t\t\t\t\t<h2 class=\"elementor-heading-title elementor-size-default\">ACCORDO DI GARANZIA PER L\u2019ATTIVAZIONE DEI SERVIZI SUITE SPEAKUP-ARTICLE\u2122<\/h2>\t\t\t\t<\/div>\n\t\t\t\t<\/div>\n\t\t\t\t<div class=\"elementor-element elementor-element-d1139bd elementor-widget elementor-widget-text-editor\" data-id=\"d1139bd\" data-element_type=\"widget\" data-widget_type=\"text-editor.default\">\n\t\t\t\t<div class=\"elementor-widget-container\">\n\t\t\t\t\t\t\t\t\t<p><strong>ACCORDO DI GARANZIA PER L\u2019ATTIVAZIONE DEI SERVIZI SUITE SPEAKUP-ARTICLE\u2122<\/strong><\/p>\n<p><strong>&nbsp;<\/strong><\/p>\n<p>Il presente accordo (\"<strong>Contratto<\/strong>\") stabilisce le condizioni e garanzie che il Publisher deve rispettare per accedere e utilizzare i servizi forniti da Audioboost S.r.l.<strong>Audioboost<\/strong>\")tramite la Suite Speakup-Article\u2122  (\"i<strong>Servizi<\/strong>\") e che il Publisher dichiara di accettare tramite la selezione dell\u2019apposito flag visibile al momento del primo accesso alla piattaforma.<\/p>\n<p><strong>&nbsp;<\/strong><\/p>\n<ol>\n<li><strong><u>Dichiarazioni e garanzie del Publisher<\/u><\/strong>\n<ul>Il Publisher dichiara e garantisce quanto segue:<\/ul>\n<\/li>\n<\/ol>\n<p>a)\tdi essere titolare di tutti i diritti necessari al fine di dare completa e puntuale esecuzione ai Servizi;<\/p>\n<p>b)\tladdove applicabile, di avere la legittima e piena titolarit\u00e0 e disponibilit\u00e0 dei contenuti HTML, nonch\u00e9 di tutti i relativi diritti d\u2019uso, pubblicazione, distribuzione, diffusione e sfruttamento economico necessari per la pubblicazione degli stessi sulle Properties, in conformit\u00e0 con tutte le normative vigenti (a titolo esemplificativo e non esaustivo, le normative sulla propriet\u00e0 intellettuale e i diritti d\u2019autore), incluse quelle dei Paesi extra-UE in cui i Contenuti verranno pubblicati;<\/p>\n<p>c)\tladdove applicabile, di aver richiesto e ottenuto, da ogni avente diritto (inclusi, a titolo esemplificativo e non esaustivo, autori, editori musicali, produttori e licenzianti degli Audiovisivi), ogni consenso o autorizzazione necessaria per la pubblicazione, distribuzione o utilizzo dei Contenuti secondo le finalit\u00e0 dei Servizi e in conformit\u00e0 a tutte le leggi applicabili;<\/p>\n<p>d)\tche i diritti di utilizzo dei Contenuti e dei Metadati concessi ad Audioboost sono validi e riconosciuti anche in Paesi extra-UE, conformemente alle normative locali, e che la licenza concessa ad Audioboost \u00e8 valida e applicabile anche nei Paesi extra-UE.<\/p>\n<p>&nbsp;&nbsp;&nbsp;&nbsp;1.2\tSono ad esclusivo carico del Publisher i corrispettivi eventualmente dovuti agli aventi diritto o ai mandatari dei medesimi, anche in Paesi extra-UE, per effetto della fruizione dei Podcast da parte degli Utenti (a titolo esemplificativo e non esaustivo: societ\u00e0 di gestione dei diritti d\u2019autore e connessi, eccetera). Il Publisher \u00e8 tenuto a manlevare Audioboost a fronte dell\u2019eventuale mancanza di conformit\u00e0 dei suddetti corrispettivi.<\/p>\n<p>&nbsp;&nbsp;&nbsp;&nbsp;1.3\tNei limiti dei diritti oggetto di sub-licenza, il Publisher si obbliga a garantire, manlevare e tenere indenne Audioboost rispetto ad ogni richiesta che sia avanzata nei confronti di Audioboost da parte di terzi in relazione ai Podcast o comunque alla messa a disposizione degli stessi a favore degli Utenti.<\/p>\n<p>&nbsp;&nbsp;&nbsp;&nbsp;1.4\tCon riferimento alla generazione dei Podcast attraverso la Suite Speakup-Article\u2122, il Publisher garantisce che:<\/p>\n<p>a)\tGli Spoken Article generati (i) non violano n\u00e9 violeranno alcuna normativa applicabile n\u00e9 alcun segno distintivo, diritto di propriet\u00e0 intellettuale, industriale o altro diritto di terzi; (ii) non contengono contenuti osceni e\/o blasfemi e sono conformi ai principi di ordine pubblico e buon costume, anche di quelli riconosciuti a livello internazionale;<\/p>\n<p>b)\tnon agir\u00e0 in maniera fraudolenta (a titolo esemplificativo e non esaustivo, non generer\u00e0 e non consentir\u00e0 a terzi di generare ascolti fraudolenti o comunque Play non validi);<\/p>\n<p>c)\tnon predisporr\u00e0 copie degli Spoken Article presenti nell\u2019A-CMS con qualsivoglia tecnologia diversa da quanto predisposto da Audioboost;<\/p>\n<p>d)\tnon canceller\u00e0, modificher\u00e0, dannegger\u00e0 o alterer\u00e0 alcuna tecnologia per la protezione del copyright n\u00e9 alcun meccanismo incorporato o associato ai Contenuti concordati tra le Parti;<\/p>\n<p>e)\tnon autorizzer\u00e0 terzi n\u00e9 commetter\u00e0 alcun atto che incoraggi o induca deliberatamente alla riproduzione illecita dei Contenuti.&nbsp;<\/p>\n<ol start=\"2\">\n<li><strong><u>Efficacia e durata dell\u2019Accordo<\/u><\/strong><\/li>\n<\/ol>\n<p>Il presente Accordo rimarr\u00e0 valido per tutta la durata del contratto tra Audioboost e l\u2019Adnetwork e comunque fino a quando il Publisher utilizzer\u00e0 i Servizi. Audioboost si riserva il diritto di sospendere o terminare l\u2019accesso del Publisher ai Servizi in caso di violazione delle garanzie e degli obblighi previsti dal presente Accordo.<\/p>\n<ol start=\"3\">\n<li><strong><u>Obblighi di comunicazione del Publisher<\/u><\/strong><\/li>\n<\/ol>\n<p>Il Publisher si impegna a comunicare prontamente ad Audioboost eventuali circostanze sopravvenute che possano incidere sull\u2019esecuzione dei Servizi, assumendosi le relative responsabilit\u00e0 in caso di omissione.<\/p>\n<ol start=\"4\">\n<li><strong><u>Legge applicabile e Foro competente<\/u><\/strong><\/li>\n<\/ol>\n<p>Il Publisher accetta e riconosce che il presente Accordo \u00e8 disciplinato dalla legge italiana e che, pertanto, qualsiasi controversia che dovesse insorgere in dipendenza o in relazione all\u2019Accordo, ivi incluse quelle inerenti alla validit\u00e0, interpretazione o esecuzione dello stesso, saranno devolute alla competenza esclusiva del Foro di Milano.<\/p>\t\t\t\t\t\t\t\t<\/div>\n\t\t\t\t<\/div>\n\t\t\t\t\t<\/div>\n\t\t\t\t<\/div>\n\t\t\t\t<\/div>","protected":false},"excerpt":{"rendered":"<p>Guarantee agreement for the activation of Speakup-Article\u2122 suite services GUARANTEE AGREEMENT FOR THE ACTIVATION OF SPEAKUP-ARTICLE\u2122 SUITE SERVICES &nbsp; This [&hellip;]<\/p>","protected":false},"author":2,"featured_media":0,"parent":0,"menu_order":0,"comment_status":"closed","ping_status":"closed","template":"","meta":{"_acf_changed":false,"site-sidebar-layout":"no-sidebar","site-content-layout":"","ast-site-content-layout":"full-width-container","site-content-style":"default","site-sidebar-style":"default","ast-global-header-display":"","ast-banner-title-visibility":"","ast-main-header-display":"","ast-hfb-above-header-display":"","ast-hfb-below-header-display":"","ast-hfb-mobile-header-display":"","site-post-title":"disabled","ast-breadcrumbs-content":"","ast-featured-img":"disabled","footer-sml-layout":"","theme-transparent-header-meta":"","adv-header-id-meta":"","stick-header-meta":"","header-above-stick-meta":"","header-main-stick-meta":"","header-below-stick-meta":"","astra-migrate-meta-layouts":"default","ast-page-background-enabled":"default","ast-page-background-meta":{"desktop":{"background-color":"var(--ast-global-color-4)","background-image":"","background-repeat":"repeat","background-position":"center center","background-size":"auto","background-attachment":"scroll","background-type":"","background-media":"","overlay-type":"","overlay-color":"","overlay-opacity":"","overlay-gradient":""},"tablet":{"background-color":"","background-image":"","background-repeat":"repeat","background-position":"center center","background-size":"auto","background-attachment":"scroll","background-type":"","background-media":"","overlay-type":"","overlay-color":"","overlay-opacity":"","overlay-gradient":""},"mobile":{"background-color":"","background-image":"","background-repeat":"repeat","background-position":"center center","background-size":"auto","background-attachment":"scroll","background-type":"","background-media":"","overlay-type":"","overlay-color":"","overlay-opacity":"","overlay-gradient":""}},"ast-content-background-meta":{"desktop":{"background-color":"var(--ast-global-color-5)","background-image":"","background-repeat":"repeat","background-position":"center center","background-size":"auto","background-attachment":"scroll","background-type":"","background-media":"","overlay-type":"","overlay-color":"","overlay-opacity":"","overlay-gradient":""},"tablet":{"background-color":"var(--ast-global-color-5)","background-image":"","background-repeat":"repeat","background-position":"center center","background-size":"auto","background-attachment":"scroll","background-type":"","background-media":"","overlay-type":"","overlay-color":"","overlay-opacity":"","overlay-gradient":""},"mobile":{"background-color":"var(--ast-global-color-5)","background-image":"","background-repeat":"repeat","background-position":"center center","background-size":"auto","background-attachment":"scroll","background-type":"","background-media":"","overlay-type":"","overlay-color":"","overlay-opacity":"","overlay-gradient":""}},"footnotes":""},"class_list":["post-2879","page","type-page","status-publish","hentry"],"acf":[],"_links":{"self":[{"href":"https:\/\/audioboost.com\/it\/wp-json\/wp\/v2\/pages\/2879","targetHints":{"allow":["GET"]}}],"collection":[{"href":"https:\/\/audioboost.com\/it\/wp-json\/wp\/v2\/pages"}],"about":[{"href":"https:\/\/audioboost.com\/it\/wp-json\/wp\/v2\/types\/page"}],"author":[{"embeddable":true,"href":"https:\/\/audioboost.com\/it\/wp-json\/wp\/v2\/users\/2"}],"replies":[{"embeddable":true,"href":"https:\/\/audioboost.com\/it\/wp-json\/wp\/v2\/comments?post=2879"}],"version-history":[{"count":10,"href":"https:\/\/audioboost.com\/it\/wp-json\/wp\/v2\/pages\/2879\/revisions"}],"predecessor-version":[{"id":3648,"href":"https:\/\/audioboost.com\/it\/wp-json\/wp\/v2\/pages\/2879\/revisions\/3648"}],"wp:attachment":[{"href":"https:\/\/audioboost.com\/it\/wp-json\/wp\/v2\/media?parent=2879"}],"curies":[{"name":"wp","href":"https:\/\/api.w.org\/{rel}","templated":true}]}}